{"id":1202,"date":"2025-07-28T10:54:52","date_gmt":"2025-07-28T10:54:52","guid":{"rendered":"https:\/\/dulcestradicionales.es\/?page_id=1202"},"modified":"2025-07-30T09:28:43","modified_gmt":"2025-07-30T09:28:43","slug":"contactanos","status":"publish","type":"page","link":"https:\/\/dulcestradicionales.es\/index.php\/contactanos\/","title":{"rendered":"Contacto"},"content":{"rendered":"\t\t<div data-elementor-type=\"wp-page\" data-elementor-id=\"1202\" class=\"elementor elementor-1202\">\n\t\t\t\t<div class=\"elementor-element elementor-element-8544423 e-flex e-con-boxed e-con e-parent\" data-id=\"8544423\" data-element_type=\"container\">\n\t\t\t\t\t<div class=\"e-con-inner\">\n\t\t\t\t<div class=\"elementor-element elementor-element-cab8148 elementor-widget elementor-widget-text-editor\" data-id=\"cab8148\" data-element_type=\"widget\" data-widget_type=\"text-editor.default\">\n\t\t\t\t<div class=\"elementor-widget-container\">\n\t\t\t\t\t\t\t\t\t<h2 class=\"elementor-heading-title elementor-size-default elementor-inline-editing pen\" style=\"--theme-font-weight: 400; --theme-text-transform: none; --theme-font-size: 35px; --theme-line-height: 1.5; font-style: normal; font-variant-ligatures: normal; font-variant-caps: normal; font-weight: 400; font-size: 35px; line-height: 1.5em; font-family: 'Source Serif 4', sans-serif; color: #d7584f; letter-spacing: normal; text-transform: none; text-decoration: none; margin-block-end: 20.5px;\" data-elementor-setting-key=\"title\" data-pen-placeholder=\"Teclea aqu\u00ed...\">\u00bfLlamadas?<\/h2><p><span style=\"color: #c75f55;\">Recibimos muchas llamadas a diario y no podemos atenderlas todas como quisi\u00e9ramos.<\/span><br \/><span style=\"color: #c75f55;\">Por eso, <strong>preferimos que nos escribas un mail o que vengas directamente al horno.<\/strong><\/span><br \/><span style=\"color: #c75f55;\">\u00a1Gracias por tu comprensi\u00f3n!<\/span><\/p>\t\t\t\t\t\t\t\t<\/div>\n\t\t\t\t<\/div>\n\t\t\t\t\t<\/div>\n\t\t\t\t<\/div>\n\t\t<div class=\"elementor-element elementor-element-c0ac36c e-flex e-con-boxed e-con e-parent\" data-id=\"c0ac36c\" data-element_type=\"container\">\n\t\t\t\t\t<div class=\"e-con-inner\">\n\t\t<div class=\"elementor-element elementor-element-a01d3d0 e-flex e-con-boxed e-con e-child\" data-id=\"a01d3d0\" data-element_type=\"container\">\n\t\t\t\t\t<div class=\"e-con-inner\">\n\t\t<div class=\"elementor-element elementor-element-e9cc911 e-con-full e-flex e-con e-child\" data-id=\"e9cc911\" data-element_type=\"container\" data-settings=\"{&quot;background_background&quot;:&quot;classic&quot;}\">\n\t\t\t\t<\/div>\n\t\t<div class=\"elementor-element elementor-element-b5694df e-con-full e-flex e-con e-child\" data-id=\"b5694df\" data-element_type=\"container\" data-settings=\"{&quot;background_background&quot;:&quot;classic&quot;}\">\n\t\t\t\t<div class=\"elementor-element elementor-element-82a891b elementor-widget elementor-widget-heading\" data-id=\"82a891b\" data-element_type=\"widget\" data-widget_type=\"heading.default\">\n\t\t\t\t<div class=\"elementor-widget-container\">\n\t\t\t\t\t<h3 class=\"elementor-heading-title elementor-size-default\">Escr\u00edbenos<\/h3>\t\t\t\t<\/div>\n\t\t\t\t<\/div>\n\t\t\t\t<div class=\"elementor-element elementor-element-44c912e elementor-widget elementor-widget-text-editor\" data-id=\"44c912e\" data-element_type=\"widget\" data-widget_type=\"text-editor.default\">\n\t\t\t\t<div class=\"elementor-widget-container\">\n\t\t\t\t\t\t\t\t\t<p>Como en el mostrador, estamos para escucharte. Escr\u00edbenos y te responderemos lo antes posible.<\/p>\t\t\t\t\t\t\t\t<\/div>\n\t\t\t\t<\/div>\n\t\t\t\t<div class=\"elementor-element elementor-element-8946ea9 elementor-widget elementor-widget-wpforms\" data-id=\"8946ea9\" data-element_type=\"widget\" data-widget_type=\"wpforms.default\">\n\t\t\t\t<div class=\"elementor-widget-container\">\n\t\t\t\t\t<div class=\"wpforms-container wpforms-render-modern\" id=\"wpforms-113\"><form id=\"wpforms-form-113\" class=\"wpforms-validate wpforms-form\" data-formid=\"113\" method=\"post\" enctype=\"multipart\/form-data\" action=\"\/index.php\/wp-json\/wp\/v2\/pages\/1202\" data-token=\"a881febfdef4639d4bf886eb46c5926d\" data-token-time=\"1776860322\"><noscript class=\"wpforms-error-noscript\">Por favor, activa JavaScript en tu navegador para completar este formulario.<\/noscript><div id=\"wpforms-error-noscript\" style=\"display: none;\">Por favor, activa JavaScript en tu navegador para completar este formulario.<\/div><div class=\"wpforms-field-container\"><div id=\"wpforms-113-field_0-container\" class=\"wpforms-field wpforms-field-name\" data-field-id=\"0\"><label class=\"wpforms-field-label\" for=\"wpforms-113-field_0\">Nombre <span class=\"wpforms-required-label\" aria-hidden=\"true\">*<\/span><\/label><input type=\"text\" id=\"wpforms-113-field_0\" class=\"wpforms-field-large wpforms-field-required\" name=\"wpforms[fields][0]\" aria-errormessage=\"wpforms-113-field_0-error\" required><\/div><div id=\"wpforms-113-field_4-container\" class=\"wpforms-field wpforms-field-text\" data-field-id=\"4\"><label class=\"wpforms-field-label\" for=\"wpforms-113-field_4\">Tel\u00e9fono <span class=\"wpforms-required-label\" aria-hidden=\"true\">*<\/span><\/label><input type=\"text\" id=\"wpforms-113-field_4\" class=\"wpforms-field-large wpforms-field-required\" name=\"wpforms[fields][4]\" aria-errormessage=\"wpforms-113-field_4-error\" required><\/div><div id=\"wpforms-113-field_1-container\" class=\"wpforms-field wpforms-field-email\" data-field-id=\"1\"><label class=\"wpforms-field-label\" for=\"wpforms-113-field_1\">Email <span class=\"wpforms-required-label\" aria-hidden=\"true\">*<\/span><\/label><input type=\"email\" id=\"wpforms-113-field_1\" class=\"wpforms-field-large wpforms-field-required\" name=\"wpforms[fields][1]\" spellcheck=\"false\" aria-errormessage=\"wpforms-113-field_1-error\" required><\/div><div id=\"wpforms-113-field_2-container\" class=\"wpforms-field wpforms-field-textarea\" data-field-id=\"2\"><label class=\"wpforms-field-label\" for=\"wpforms-113-field_2\">Tu mensaje <span class=\"wpforms-required-label\" aria-hidden=\"true\">*<\/span><\/label><textarea id=\"wpforms-113-field_2\" class=\"wpforms-field-medium wpforms-field-required\" name=\"wpforms[fields][2]\" aria-errormessage=\"wpforms-113-field_2-error\" required><\/textarea><\/div><\/div><!-- .wpforms-field-container --><div class=\"wpforms-submit-container\" ><input type=\"hidden\" name=\"wpforms[id]\" value=\"113\"><input type=\"hidden\" name=\"page_title\" value=\"\"><input type=\"hidden\" name=\"page_url\" value=\"https:\/\/dulcestradicionales.es\/index.php\/wp-json\/wp\/v2\/pages\/1202\"><input type=\"hidden\" name=\"url_referer\" value=\"\"><button type=\"submit\" name=\"wpforms[submit]\" id=\"wpforms-submit-113\" class=\"wpforms-submit\" data-alt-text=\"Enviando...\" data-submit-text=\"Enviar mensaje\" aria-live=\"assertive\" value=\"wpforms-submit\">Enviar mensaje<\/button><\/div><\/form><\/div>  <!-- .wpforms-container -->\t\t\t\t<\/div>\n\t\t\t\t<\/div>\n\t\t\t\t<\/div>\n\t\t\t\t\t<\/div>\n\t\t\t\t<\/div>\n\t\t\t\t\t<\/div>\n\t\t\t\t<\/div>\n\t\t<div class=\"elementor-element elementor-element-03546f3 e-flex e-con-boxed e-con e-parent\" data-id=\"03546f3\" data-element_type=\"container\" data-settings=\"{&quot;background_background&quot;:&quot;classic&quot;}\">\n\t\t\t\t\t<div class=\"e-con-inner\">\n\t\t<div class=\"elementor-element elementor-element-2f21e87 e-con-full e-flex e-con e-child\" data-id=\"2f21e87\" data-element_type=\"container\">\n\t\t\t\t<div class=\"elementor-element elementor-element-2845b96 elementor-widget elementor-widget-text-editor\" data-id=\"2845b96\" data-element_type=\"widget\" data-widget_type=\"text-editor.default\">\n\t\t\t\t<div class=\"elementor-widget-container\">\n\t\t\t\t\t\t\t\t\t<p>\u00a0Vis\u00edtanos<\/p>\t\t\t\t\t\t\t\t<\/div>\n\t\t\t\t<\/div>\n\t\t\t\t<\/div>\n\t\t<div class=\"elementor-element elementor-element-e576f90 e-con-full e-flex e-con e-child\" data-id=\"e576f90\" data-element_type=\"container\">\n\t\t<div class=\"elementor-element elementor-element-250d78e e-con-full e-flex e-con e-child\" data-id=\"250d78e\" data-element_type=\"container\">\n\t\t\t\t<div class=\"elementor-element elementor-element-1f8c2c5 elementor-widget elementor-widget-text-editor\" data-id=\"1f8c2c5\" data-element_type=\"widget\" data-widget_type=\"text-editor.default\">\n\t\t\t\t<div class=\"elementor-widget-container\">\n\t\t\t\t\t\t\t\t\t<p><strong data-start=\"496\" data-end=\"553\">La mejor forma de hacer un encargo es venir al horno.<\/strong><\/p><p><span style=\"font-family: inherit; font-size: inherit; font-style: inherit; font-variant-ligatures: inherit; font-variant-caps: inherit; font-weight: inherit;\">Nos gusta conversar en persona, mostrarte lo que preparamos y ayudarte a elegir lo que busc\u00e1s.<\/span><\/p><p>Estamos en el coraz\u00f3n de Chiva, con las puertas abiertas desde hace m\u00e1s de 100 a\u00f1os.<\/p>\t\t\t\t\t\t\t\t<\/div>\n\t\t\t\t<\/div>\n\t\t\t\t<\/div>\n\t\t\t\t<div class=\"elementor-element elementor-element-3c50e34 elementor-widget elementor-widget-google_maps\" data-id=\"3c50e34\" data-element_type=\"widget\" data-widget_type=\"google_maps.default\">\n\t\t\t\t<div class=\"elementor-widget-container\">\n\t\t\t\t\t\t\t<div class=\"elementor-custom-embed\">\n\t\t\t<iframe loading=\"lazy\"\n\t\t\t\t\tsrc=\"https:\/\/maps.google.com\/maps?q=Horno%20El%20Puente.%20San%20Isidro%2C%2040%2C%20chiva&#038;t=m&#038;z=15&#038;output=embed&#038;iwloc=near\"\n\t\t\t\t\ttitle=\"Horno El Puente. San Isidro, 40, chiva\"\n\t\t\t\t\taria-label=\"Horno El Puente. San Isidro, 40, chiva\"\n\t\t\t><\/iframe>\n\t\t<\/div>\n\t\t\t\t\t\t<\/div>\n\t\t\t\t<\/div>\n\t\t\t\t<\/div>\n\t\t\t\t\t<\/div>\n\t\t\t\t<\/div>\n\t\t\t\t<\/div>\n\t\t","protected":false},"excerpt":{"rendered":"<p>\u00bfLlamadas? Recibimos muchas llamadas a diario y no podemos atenderlas todas como quisi\u00e9ramos.Por eso, preferimos que nos escribas un mail o que vengas directamente al horno.\u00a1Gracias por tu comprensi\u00f3n! Escr\u00edbenos Como en el mostrador, estamos para escucharte. Escr\u00edbenos y te responderemos lo antes posible. Por favor, activa JavaScript en tu navegador para completar este formulario.Por [&hellip;]<\/p>\n","protected":false},"author":1,"featured_media":0,"parent":0,"menu_order":0,"comment_status":"closed","ping_status":"closed","template":"","meta":{"footnotes":""},"class_list":["post-1202","page","type-page","status-publish","hentry"],"blocksy_meta":[],"_links":{"self":[{"href":"https:\/\/dulcestradicionales.es\/index.php\/wp-json\/wp\/v2\/pages\/1202","targetHints":{"allow":["GET"]}}],"collection":[{"href":"https:\/\/dulcestradicionales.es\/index.php\/wp-json\/wp\/v2\/pages"}],"about":[{"href":"https:\/\/dulcestradicionales.es\/index.php\/wp-json\/wp\/v2\/types\/page"}],"author":[{"embeddable":true,"href":"https:\/\/dulcestradicionales.es\/index.php\/wp-json\/wp\/v2\/users\/1"}],"replies":[{"embeddable":true,"href":"https:\/\/dulcestradicionales.es\/index.php\/wp-json\/wp\/v2\/comments?post=1202"}],"version-history":[{"count":43,"href":"https:\/\/dulcestradicionales.es\/index.php\/wp-json\/wp\/v2\/pages\/1202\/revisions"}],"predecessor-version":[{"id":1621,"href":"https:\/\/dulcestradicionales.es\/index.php\/wp-json\/wp\/v2\/pages\/1202\/revisions\/1621"}],"wp:attachment":[{"href":"https:\/\/dulcestradicionales.es\/index.php\/wp-json\/wp\/v2\/media?parent=1202"}],"curies":[{"name":"wp","href":"https:\/\/api.w.org\/{rel}","templated":true}]}}