{"id":1455,"date":"2025-07-28T10:22:57","date_gmt":"2025-07-28T10:22:57","guid":{"rendered":"https:\/\/dulcestradicionales.es\/?page_id=1455"},"modified":"2025-07-30T08:17:04","modified_gmt":"2025-07-30T08:17:04","slug":"horno-el-puente","status":"publish","type":"page","link":"https:\/\/dulcestradicionales.es\/index.php\/horno-el-puente\/","title":{"rendered":"Horno El Puente"},"content":{"rendered":"\t\t<div data-elementor-type=\"wp-page\" data-elementor-id=\"1455\" class=\"elementor elementor-1455\">\n\t\t\t\t<div class=\"elementor-element elementor-element-0e9c01a e-flex e-con-boxed e-con e-parent\" data-id=\"0e9c01a\" data-element_type=\"container\">\n\t\t\t\t\t<div class=\"e-con-inner\">\n\t\t<div class=\"elementor-element elementor-element-867f712 e-con-full e-flex e-con e-child\" data-id=\"867f712\" data-element_type=\"container\" data-settings=\"{&quot;background_background&quot;:&quot;classic&quot;}\">\n\t\t<div class=\"elementor-element elementor-element-edf76ee e-flex e-con-boxed e-con e-child\" data-id=\"edf76ee\" data-element_type=\"container\">\n\t\t\t\t\t<div class=\"e-con-inner\">\n\t\t\t\t<div class=\"elementor-element elementor-element-23ae629 elementor-widget__width-initial elementor-widget elementor-widget-image\" data-id=\"23ae629\" data-element_type=\"widget\" data-settings=\"{&quot;_animation_mobile&quot;:&quot;zoomIn&quot;}\" data-widget_type=\"image.default\">\n\t\t\t\t<div class=\"elementor-widget-container\">\n\t\t\t\t\t\t\t\t\t\t\t\t\t\t\t<img fetchpriority=\"high\" decoding=\"async\" width=\"800\" height=\"433\" src=\"https:\/\/dulcestradicionales.es\/wp-content\/uploads\/2025\/07\/HEP_Logo.png\" class=\"attachment-large size-large wp-image-1309\" alt=\"\" srcset=\"https:\/\/dulcestradicionales.es\/wp-content\/uploads\/2025\/07\/HEP_Logo.png 800w, https:\/\/dulcestradicionales.es\/wp-content\/uploads\/2025\/07\/HEP_Logo-300x162.png 300w, https:\/\/dulcestradicionales.es\/wp-content\/uploads\/2025\/07\/HEP_Logo-768x416.png 768w, https:\/\/dulcestradicionales.es\/wp-content\/uploads\/2025\/07\/HEP_Logo-600x325.png 600w\" sizes=\"(max-width: 800px) 100vw, 800px\" \/>\t\t\t\t\t\t\t\t\t\t\t\t\t\t\t<\/div>\n\t\t\t\t<\/div>\n\t\t\t\t\t<\/div>\n\t\t\t\t<\/div>\n\t\t\t\t<\/div>\n\t\t\t\t\t<\/div>\n\t\t\t\t<\/div>\n\t\t<div class=\"elementor-element elementor-element-ddb8f52 e-flex e-con-boxed e-con e-parent\" data-id=\"ddb8f52\" data-element_type=\"container\">\n\t\t\t\t\t<div class=\"e-con-inner\">\n\t\t<div class=\"elementor-element elementor-element-697abcd e-con-full e-flex e-con e-child\" data-id=\"697abcd\" data-element_type=\"container\">\n\t\t\t\t<div class=\"elementor-element elementor-element-d60d539 elementor-widget elementor-widget-image\" data-id=\"d60d539\" data-element_type=\"widget\" data-widget_type=\"image.default\">\n\t\t\t\t<div class=\"elementor-widget-container\">\n\t\t\t\t\t\t\t\t\t\t\t\t\t\t\t<img decoding=\"async\" width=\"1024\" height=\"682\" src=\"https:\/\/dulcestradicionales.es\/wp-content\/uploads\/2025\/07\/personas-horno-1024x682.jpeg\" class=\"attachment-large size-large wp-image-1218\" alt=\"\" srcset=\"https:\/\/dulcestradicionales.es\/wp-content\/uploads\/2025\/07\/personas-horno-1024x682.jpeg 1024w, https:\/\/dulcestradicionales.es\/wp-content\/uploads\/2025\/07\/personas-horno-300x200.jpeg 300w, https:\/\/dulcestradicionales.es\/wp-content\/uploads\/2025\/07\/personas-horno-768x512.jpeg 768w, https:\/\/dulcestradicionales.es\/wp-content\/uploads\/2025\/07\/personas-horno-1536x1023.jpeg 1536w, https:\/\/dulcestradicionales.es\/wp-content\/uploads\/2025\/07\/personas-horno-600x400.jpeg 600w, https:\/\/dulcestradicionales.es\/wp-content\/uploads\/2025\/07\/personas-horno.jpeg 1600w\" sizes=\"(max-width: 1024px) 100vw, 1024px\" \/>\t\t\t\t\t\t\t\t\t\t\t\t\t\t\t<\/div>\n\t\t\t\t<\/div>\n\t\t\t\t<\/div>\n\t\t\t\t\t<\/div>\n\t\t\t\t<\/div>\n\t\t<div class=\"elementor-element elementor-element-c39a467 e-flex e-con-boxed e-con e-parent\" data-id=\"c39a467\" data-element_type=\"container\">\n\t\t\t\t\t<div class=\"e-con-inner\">\n\t\t<div class=\"elementor-element elementor-element-b4a4b12 e-con-full e-flex e-con e-child\" data-id=\"b4a4b12\" data-element_type=\"container\">\n\t\t<div class=\"elementor-element elementor-element-3abb020 e-con-full e-flex e-con e-child\" data-id=\"3abb020\" data-element_type=\"container\">\n\t\t<div class=\"elementor-element elementor-element-0c110e0 e-con-full e-flex e-con e-child\" data-id=\"0c110e0\" data-element_type=\"container\">\n\t\t\t\t<div class=\"elementor-element elementor-element-0217b4c elementor-widget elementor-widget-heading\" data-id=\"0217b4c\" data-element_type=\"widget\" data-widget_type=\"heading.default\">\n\t\t\t\t<div class=\"elementor-widget-container\">\n\t\t\t\t\t<h2 class=\"elementor-heading-title elementor-size-default\">El coraz\u00f3n del pueblo. El alma del horno.<\/h2>\t\t\t\t<\/div>\n\t\t\t\t<\/div>\n\t\t\t\t<div class=\"elementor-element elementor-element-19e7202 elementor-widget elementor-widget-text-editor\" data-id=\"19e7202\" data-element_type=\"widget\" data-widget_type=\"text-editor.default\">\n\t\t\t\t<div class=\"elementor-widget-container\">\n\t\t\t\t\t\t\t\t\t<p data-start=\"360\" data-end=\"429\"><span style=\"color: #c75f55;\">Entre sus paredes se mezclan tradici\u00f3n, trabajo y comunidad. Aqu\u00ed, cada d\u00eda comienza temprano, con las manos expertas que amasan no solo masa, sino historia. Es un espacio vivo, donde las recetas de siempre se preparan con el mismo cari\u00f1o de generaciones pasadas. Un punto de encuentro en Chiva, donde vecinos y visitantes comparten no solo dulces, sino tambi\u00e9n charlas, recuerdos y afecto. En este horno, el calor no solo viene del fuego, viene de la gente.<\/span><\/p><h3 data-start=\"431\" data-end=\"473\">\u00a0<\/h3>\t\t\t\t\t\t\t\t<\/div>\n\t\t\t\t<\/div>\n\t\t\t\t<\/div>\n\t\t\t\t<\/div>\n\t\t\t\t<div class=\"elementor-element elementor-element-8f9f1db elementor-arrows-position-outside elementor-pagination-position-outside elementor-widget elementor-widget-image-carousel\" data-id=\"8f9f1db\" data-element_type=\"widget\" data-settings=\"{&quot;navigation&quot;:&quot;both&quot;,&quot;autoplay&quot;:&quot;yes&quot;,&quot;pause_on_hover&quot;:&quot;yes&quot;,&quot;pause_on_interaction&quot;:&quot;yes&quot;,&quot;autoplay_speed&quot;:5000,&quot;infinite&quot;:&quot;yes&quot;,&quot;speed&quot;:500}\" data-widget_type=\"image-carousel.default\">\n\t\t\t\t<div class=\"elementor-widget-container\">\n\t\t\t\t\t\t\t<div class=\"elementor-image-carousel-wrapper swiper\" role=\"region\" aria-roledescription=\"carousel\" aria-label=\"Carrusel de im\u00e1genes\" dir=\"ltr\">\n\t\t\t<div class=\"elementor-image-carousel swiper-wrapper\" aria-live=\"off\">\n\t\t\t\t\t\t\t\t<div class=\"swiper-slide\" role=\"group\" aria-roledescription=\"slide\" aria-label=\"1 de 10\"><figure class=\"swiper-slide-inner\"><img decoding=\"async\" class=\"swiper-slide-image\" src=\"https:\/\/dulcestradicionales.es\/wp-content\/uploads\/2025\/07\/barras-depan-768x512.jpeg\" alt=\"barras-depan\" \/><\/figure><\/div><div class=\"swiper-slide\" role=\"group\" aria-roledescription=\"slide\" aria-label=\"2 de 10\"><figure class=\"swiper-slide-inner\"><img decoding=\"async\" class=\"swiper-slide-image\" src=\"https:\/\/dulcestradicionales.es\/wp-content\/uploads\/2025\/07\/masa-768x512.jpeg\" alt=\"masa\" \/><\/figure><\/div><div class=\"swiper-slide\" role=\"group\" aria-roledescription=\"slide\" aria-label=\"3 de 10\"><figure class=\"swiper-slide-inner\"><img decoding=\"async\" class=\"swiper-slide-image\" src=\"https:\/\/dulcestradicionales.es\/wp-content\/uploads\/2025\/07\/materiaprima-768x512.jpeg\" alt=\"materiaprima\" \/><\/figure><\/div><div class=\"swiper-slide\" role=\"group\" aria-roledescription=\"slide\" aria-label=\"4 de 10\"><figure class=\"swiper-slide-inner\"><img decoding=\"async\" class=\"swiper-slide-image\" src=\"https:\/\/dulcestradicionales.es\/wp-content\/uploads\/2025\/07\/pastelera-768x512.jpeg\" alt=\"pastelera\" \/><\/figure><\/div><div class=\"swiper-slide\" role=\"group\" aria-roledescription=\"slide\" aria-label=\"5 de 10\"><figure class=\"swiper-slide-inner\"><img decoding=\"async\" class=\"swiper-slide-image\" src=\"https:\/\/dulcestradicionales.es\/wp-content\/uploads\/2025\/07\/pastelera2-768x512.jpeg\" alt=\"pastelera2\" \/><\/figure><\/div><div class=\"swiper-slide\" role=\"group\" aria-roledescription=\"slide\" aria-label=\"6 de 10\"><figure class=\"swiper-slide-inner\"><img decoding=\"async\" class=\"swiper-slide-image\" src=\"https:\/\/dulcestradicionales.es\/wp-content\/uploads\/2025\/07\/pastelero1-768x512.jpeg\" alt=\"pastelero1\" \/><\/figure><\/div><div class=\"swiper-slide\" role=\"group\" aria-roledescription=\"slide\" aria-label=\"7 de 10\"><figure class=\"swiper-slide-inner\"><img decoding=\"async\" class=\"swiper-slide-image\" src=\"https:\/\/dulcestradicionales.es\/wp-content\/uploads\/2025\/07\/pastelero2-768x512.jpeg\" alt=\"pastelero2\" \/><\/figure><\/div><div class=\"swiper-slide\" role=\"group\" aria-roledescription=\"slide\" aria-label=\"8 de 10\"><figure class=\"swiper-slide-inner\"><img decoding=\"async\" class=\"swiper-slide-image\" src=\"https:\/\/dulcestradicionales.es\/wp-content\/uploads\/2025\/07\/pastelero3-768x512.jpeg\" alt=\"pastelero3\" \/><\/figure><\/div><div class=\"swiper-slide\" role=\"group\" aria-roledescription=\"slide\" aria-label=\"9 de 10\"><figure class=\"swiper-slide-inner\"><img decoding=\"async\" class=\"swiper-slide-image\" src=\"https:\/\/dulcestradicionales.es\/wp-content\/uploads\/2025\/07\/personas-horno-1-768x512.jpeg\" alt=\"personas-horno\" \/><\/figure><\/div><div class=\"swiper-slide\" role=\"group\" aria-roledescription=\"slide\" aria-label=\"10 de 10\"><figure class=\"swiper-slide-inner\"><img decoding=\"async\" class=\"swiper-slide-image\" src=\"https:\/\/dulcestradicionales.es\/wp-content\/uploads\/2025\/07\/personas-horno2-768x512.jpeg\" alt=\"personas-horno2\" \/><\/figure><\/div>\t\t\t<\/div>\n\t\t\t\t\t\t\t\t\t\t\t\t<div class=\"elementor-swiper-button elementor-swiper-button-prev\" role=\"button\" tabindex=\"0\">\n\t\t\t\t\t\t<svg aria-hidden=\"true\" class=\"e-font-icon-svg e-eicon-chevron-left\" viewBox=\"0 0 1000 1000\" xmlns=\"http:\/\/www.w3.org\/2000\/svg\"><path d=\"M646 125C629 125 613 133 604 142L308 442C296 454 292 471 292 487 292 504 296 521 308 533L604 854C617 867 629 875 646 875 663 875 679 871 692 858 704 846 713 829 713 812 713 796 708 779 692 767L438 487 692 225C700 217 708 204 708 187 708 171 704 154 692 142 675 129 663 125 646 125Z\"><\/path><\/svg>\t\t\t\t\t<\/div>\n\t\t\t\t\t<div class=\"elementor-swiper-button elementor-swiper-button-next\" role=\"button\" tabindex=\"0\">\n\t\t\t\t\t\t<svg aria-hidden=\"true\" class=\"e-font-icon-svg e-eicon-chevron-right\" viewBox=\"0 0 1000 1000\" xmlns=\"http:\/\/www.w3.org\/2000\/svg\"><path d=\"M696 533C708 521 713 504 713 487 713 471 708 454 696 446L400 146C388 133 375 125 354 125 338 125 325 129 313 142 300 154 292 171 292 187 292 204 296 221 308 233L563 492 304 771C292 783 288 800 288 817 288 833 296 850 308 863 321 871 338 875 354 875 371 875 388 867 400 854L696 533Z\"><\/path><\/svg>\t\t\t\t\t<\/div>\n\t\t\t\t\n\t\t\t\t\t\t\t\t\t<div class=\"swiper-pagination\"><\/div>\n\t\t\t\t\t\t\t\t\t<\/div>\n\t\t\t\t\t\t<\/div>\n\t\t\t\t<\/div>\n\t\t\t\t<\/div>\n\t\t\t\t\t<\/div>\n\t\t\t\t<\/div>\n\t\t\t\t<\/div>\n\t\t","protected":false},"excerpt":{"rendered":"<p>El coraz\u00f3n del pueblo. El alma del horno. Entre sus paredes se mezclan tradici\u00f3n, trabajo y comunidad. Aqu\u00ed, cada d\u00eda comienza temprano, con las manos expertas que amasan no solo masa, sino historia. Es un espacio vivo, donde las recetas de siempre se preparan con el mismo cari\u00f1o de generaciones pasadas. Un punto de encuentro [&hellip;]<\/p>\n","protected":false},"author":1,"featured_media":0,"parent":0,"menu_order":0,"comment_status":"closed","ping_status":"closed","template":"","meta":{"footnotes":""},"class_list":["post-1455","page","type-page","status-publish","hentry"],"blocksy_meta":[],"_links":{"self":[{"href":"https:\/\/dulcestradicionales.es\/index.php\/wp-json\/wp\/v2\/pages\/1455","targetHints":{"allow":["GET"]}}],"collection":[{"href":"https:\/\/dulcestradicionales.es\/index.php\/wp-json\/wp\/v2\/pages"}],"about":[{"href":"https:\/\/dulcestradicionales.es\/index.php\/wp-json\/wp\/v2\/types\/page"}],"author":[{"embeddable":true,"href":"https:\/\/dulcestradicionales.es\/index.php\/wp-json\/wp\/v2\/users\/1"}],"replies":[{"embeddable":true,"href":"https:\/\/dulcestradicionales.es\/index.php\/wp-json\/wp\/v2\/comments?post=1455"}],"version-history":[{"count":19,"href":"https:\/\/dulcestradicionales.es\/index.php\/wp-json\/wp\/v2\/pages\/1455\/revisions"}],"predecessor-version":[{"id":1608,"href":"https:\/\/dulcestradicionales.es\/index.php\/wp-json\/wp\/v2\/pages\/1455\/revisions\/1608"}],"wp:attachment":[{"href":"https:\/\/dulcestradicionales.es\/index.php\/wp-json\/wp\/v2\/media?parent=1455"}],"curies":[{"name":"wp","href":"https:\/\/api.w.org\/{rel}","templated":true}]}}